{"id":126,"date":"2021-07-06T10:40:51","date_gmt":"2021-07-06T08:40:51","guid":{"rendered":"https:\/\/www.howede.fr\/index.php\/one-page-express\/"},"modified":"2024-04-03T08:23:40","modified_gmt":"2024-04-03T06:23:40","slug":"one-page-express","status":"publish","type":"page","link":"https:\/\/www.howede.fr\/","title":{"rendered":"Front Page"},"content":{"rendered":"<div  id=\"presentation-1\" class=\"content-full-left-image-section\" style=\"background-color: #f6f6f6;\" data-label=\"Presentation\" data-id=\"content-full-left-image-section\" data-category=\"content\">\n<div  class=\"content-full-left-image-innerrow\">\n<div  class=\"content-full-left-image-imgcol\" style=\"background-image: url('https:\/\/www.howede.fr\/wp-content\/uploads\/2021\/07\/old_verdun.jpg');\" data-bg=\"image\"><\/div>\n<div  class=\"content-full-left-image-textcol dynamic-color\">\n<div  class=\"\" data-type=\"column\">\n<h5  class=\"\">Pr\u00e9sentation<\/h5>\n<h2  class=\"\">HoW\u00e9D\u00e9 ?<\/h2>\n<p  class=\"\">Home Web Design (HoW\u00e9D\u00e9) est une auto-entreprise dont le but principal est de permettre \u00e0 tous d\u2019avoir son propre site web, que cela soit \u00e0 titre personnel ou pour son entreprise.<\/p>\nLe tout dans un esprit ouvert et avec simplicit\u00e9.\n\nFort de dizaines d\u2019ann\u00e9es d\u2019exp\u00e9rience, je suis \u00e0 m\u00eame de vous conseiller voire de vous aider sur bon nombre de sujets.\n\n<\/div>\n<div  class=\"content-full-left-image-featuresrow\">\n<div  class=\"content-full-left-image-featurescol\" data-type=\"column\">\n<h5  class=\"\">WEB \/ COMMUNICATION<\/h5>\n<p  class=\"\">Conception de site \u201cvitrine\u201d pour votre soci\u00e9t\u00e9 ou blog pour votre association, cr\u00e9ation de logo, QR codes, etc \u2026<\/p>\n\n\n<\/div>\n<div  class=\"content-full-left-image-featurescol\" data-type=\"column\">\n<h5  class=\"\">INFORMATIQUE<\/h5>\n<p  class=\"\">Achat de mat\u00e9riel, passage au num\u00e9rique, formations, domotique, etc \u2026<\/p>\n\n\n<\/div>\n<\/div>\n<\/div>\n<\/div>\n<\/div><div  data-label=\"Realisations\" data-id=\"portfolio-cards-section\" data-category=\"portfolio\" class=\"portfolio-cards-section\" id=\"realisations\" style=\"background-color: rgb(255, 255, 255);\"> <div  class=\"\"> <div  class=\"portfolio-cards-textcol dynamic-color\" data-type=\"column\"> <h2  class=\"\">Exemples de r\u00e9alisations web<\/h2>  <\/div> <div  class=\"portfolio-cards-projectsro dark-text\" data-type=\"row\"> <div  class=\"portfolio-cards-projectcol cp4cols cp6cols-tablet\"> <div  class=\"portfolio-cards-projectcard\"> <div  class=\"contentswap-effect ContentSwap104\" hover-fx=\"ContentSwap104\" id=\"ContentSwap104\" is-hovered=\"0\"> <div  class=\"ContentSwap104_content initial-image\"><img decoding=\"async\"   title=\"\"   alt=\"cropped-justebon2 Front Page\"  class=\"portfolio-cards-projectimg\" data-size=\"1200x800\" src=\"https:\/\/www.howede.fr\/wp-content\/uploads\/2022\/06\/cropped-justebon2.png\"> <\/div> <div  class=\"overlay\" style=\"display: block; opacity: 1;\"><\/div> <div  class=\"swap-inner\" style=\"opacity: 1; display: block;\"> <div  class=\"ContentSwap104-center\"> <a href=\"https:\/\/www.justebon.fr\" target=\"_blank\" rel=\"noopener\" class=\"\"><i  data-cp-fa=\"true\" class=\"portfolio-card-icon fa fa-search\"><\/i><\/a> <\/div> <\/div> <\/div> <div  class=\"portfolio-cards-projectinfo\"> <div  class=\"portfolio-cards-projnamecol\" data-type=\"column\"> <a href=\"https:\/\/www.justebon.fr\" class=\"portfolio-cards-projlink\" target=\"_blank\" rel=\"noopener\"><h4  class=\"portfolio-cards-projtitle\">JusteBon<\/h4><\/a> <\/div> <\/div> <\/div> <\/div> <div  class=\"portfolio-cards-projectcol cp4cols cp6cols-tablet\"> <div  class=\"portfolio-cards-projectcard\"> <div  class=\"contentswap-effect ContentSwap104\" hover-fx=\"ContentSwap104\" id=\"ContentSwap104\" is-hovered=\"1\"> <div  class=\"ContentSwap104_content initial-image\"><img decoding=\"async\"   title=\"\"   alt=\"cropped-barlinsolite Front Page\"  class=\"portfolio-cards-projectimg\" data-size=\"1200x800\" src=\"https:\/\/www.howede.fr\/wp-content\/uploads\/2021\/07\/cropped-barlinsolite.png\"> <\/div> <div  class=\"overlay\" style=\"display: block; opacity: 1;\"><\/div> <div  class=\"swap-inner\" style=\"opacity: 1; display: block;\"> <div  class=\"ContentSwap104-center\"> <a href=\"https:\/\/www.barlinsolite.fr\" target=\"_blank\" rel=\"noopener\" class=\"\"><i  data-cp-fa=\"true\" class=\"portfolio-card-icon fa fa-search\"><\/i><\/a> <\/div> <\/div> <\/div> <div  class=\"portfolio-cards-projectinfo\"> <div  class=\"portfolio-cards-projnamecol\" data-type=\"column\"> <a href=\"https:\/\/www.barlinsolite.fr\" class=\"portfolio-cards-projlink\" target=\"_blank\" rel=\"noopener\"><h4  class=\"portfolio-cards-projtitle\">Bar l\u2019Insolite<\/h4><\/a> <\/div> <\/div> <\/div> <\/div>  <div  class=\"portfolio-cards-projectcol cp4cols cp6cols-tablet\"> <div  class=\"portfolio-cards-projectcard\"> <div  class=\"contentswap-effect ContentSwap104\" hover-fx=\"ContentSwap104\" id=\"ContentSwap104\" is-hovered=\"1\"> <div  class=\"ContentSwap104_content initial-image\"><img decoding=\"async\"   title=\"\"   alt=\"cropped-alexmulticollections Front Page\"  class=\"portfolio-cards-projectimg\" data-size=\"1200x800\" src=\"https:\/\/www.howede.fr\/wp-content\/uploads\/2021\/07\/cropped-alexmulticollections.png\"> <\/div> <div  class=\"overlay\" style=\"display: block; opacity: 1;\"><\/div> <div  class=\"swap-inner\" style=\"opacity: 1; display: block;\"> <div  class=\"ContentSwap104-center\"> <a href=\"https:\/\/www.alex-multi-collections.fr\" target=\"_blank\" rel=\"noopener\" class=\"\"><i  data-cp-fa=\"true\" class=\"portfolio-card-icon fa fa-search\"><\/i><\/a> <\/div> <\/div> <\/div> <div  class=\"portfolio-cards-projectinfo\"> <div  class=\"portfolio-cards-projnamecol\" data-type=\"column\"> <a href=\"https:\/\/www.alex-multi-collections.fr\" class=\"portfolio-cards-projlink\" target=\"_blank\" rel=\"noopener\"><h4  class=\"portfolio-cards-projtitle\">Alex Multi Collections<\/h4><\/a> <\/div> <\/div> <\/div> <\/div> <div  class=\"portfolio-cards-projectcol cp4cols cp6cols-tablet\"> <div  class=\"portfolio-cards-projectcard\"> <div  class=\"contentswap-effect ContentSwap104\" hover-fx=\"ContentSwap104\" id=\"ContentSwap104\" is-hovered=\"1\"> <div  class=\"ContentSwap104_content initial-image\"><img decoding=\"async\"   title=\"\"   alt=\"cropped-Screenshot-2021-07-27-16.04.52 Front Page\"  class=\"portfolio-cards-projectimg\" data-size=\"1200x800\" src=\"https:\/\/www.howede.fr\/wp-content\/uploads\/2021\/07\/cropped-Screenshot-2021-07-27-16.04.52.png\"> <\/div> <div  class=\"overlay\" style=\"display: block; opacity: 1;\"><\/div> <div  class=\"swap-inner\" style=\"opacity: 1; display: block;\"> <div  class=\"ContentSwap104-center\"> <a href=\"https:\/\/www.thebigbeatband.fr\" target=\"_blank\" rel=\"noopener\" class=\"\"><i  data-cp-fa=\"true\" class=\"portfolio-card-icon fa fa-search\"><\/i><\/a> <\/div> <\/div> <\/div> <div  class=\"portfolio-cards-projectinfo\"> <div  class=\"portfolio-cards-projnamecol\" data-type=\"column\"> <a href=\"https:\/\/www.thebigbeatband.fr\" class=\"portfolio-cards-projlink\" target=\"_blank\" rel=\"noopener\"><h4  class=\"portfolio-cards-projtitle\">The Big Beat Band<\/h4><\/a> <\/div> <\/div> <\/div> <\/div> <div  class=\"portfolio-cards-projectcol cp4cols cp6cols-tablet\"> <div  class=\"portfolio-cards-projectcard\"> <div  class=\"contentswap-effect ContentSwap104\" hover-fx=\"ContentSwap104\" id=\"ContentSwap104\" is-hovered=\"1\"> <div  class=\"ContentSwap104_content initial-image\"><img decoding=\"async\"   title=\"\"   alt=\"cropped-verdun Front Page\"  class=\"portfolio-cards-projectimg\" data-size=\"1200x800\" src=\"https:\/\/www.howede.fr\/wp-content\/uploads\/2021\/07\/cropped-verdun.png\"> <\/div> <div  class=\"overlay\" style=\"display: block; opacity: 1;\"><\/div> <div  class=\"swap-inner\" style=\"opacity: 1; display: block;\"> <div  class=\"ContentSwap104-center\"> <a href=\"https:\/\/www.verdun.gloppe.fr\" target=\"_blank\" rel=\"noopener\" class=\"\"><i  data-cp-fa=\"true\" class=\"portfolio-card-icon fa fa-search\"><\/i><\/a> <\/div> <\/div> <\/div> <div  class=\"portfolio-cards-projectinfo\"> <div  class=\"portfolio-cards-projnamecol\" data-type=\"column\"> <a href=\"https:\/\/www.verdun.gloppe.fr\" class=\"portfolio-cards-projlink\" target=\"_blank\" rel=\"noopener\"><h4  class=\"portfolio-cards-projtitle\">La Maison des Rigolettes<\/h4><\/a> <\/div> <\/div> <\/div> <\/div> <div  class=\"portfolio-cards-projectcol cp4cols cp6cols-tablet\"> <div  class=\"portfolio-cards-projectcard\"> <div  class=\"contentswap-effect ContentSwap104\" hover-fx=\"ContentSwap104\" id=\"ContentSwap104\" is-hovered=\"0\"> <div  class=\"ContentSwap104_content initial-image\"><img decoding=\"async\"   title=\"\"   alt=\"cropped-howede2 Front Page\"  class=\"portfolio-cards-projectimg\" data-size=\"1200x800\" src=\"https:\/\/www.howede.fr\/wp-content\/uploads\/2021\/07\/cropped-howede2.png\"> <\/div> <div  class=\"overlay\" style=\"display: block; opacity: 1;\"><\/div> <div  class=\"swap-inner\" style=\"opacity: 1; display: block;\"> <div  class=\"ContentSwap104-center\"> <a href=\"https:\/\/www.howede.fr\" target=\"_blank\" rel=\"noopener\"><i  data-cp-fa=\"true\" class=\"portfolio-card-icon fa fa-search\"><\/i><\/a> <\/div> <\/div> <\/div> <div  class=\"portfolio-cards-projectinfo\"> <div  class=\"portfolio-cards-projnamecol\" data-type=\"column\"> <a href=\"https:\/\/www.howede.fr\" class=\"portfolio-cards-projlink\" target=\"_blank\" rel=\"noopener\"><h4  class=\"portfolio-cards-projtitle\">HOme WEb DEsign<\/h4><\/a> <\/div> <\/div> <\/div> <\/div><\/div> <\/div><\/div><div  id=\"contact-4\" class=\"contact-section-formsection white-text\" style=\"background-image: none; background-size: auto 1863px; background-repeat: no-repeat; background-position: center top 83.3028%;\" data-label=\"Contact\" data-id=\"contact-section\" data-category=\"contact\" data-bg=\"transparent\">\n<div  class=\"gridContainer\">\n<div  class=\"row_224\">\n<div  class=\"contact-textrow\">\n<div  class=\"contact-textcol dynamic-color\">\n<h2  class=\"\">Contactez-moi<\/h2>\n<p  class=\"white_text\">Je ne peux pas prendre de stagiaire ou d&rsquo;apprenti<\/p>\n\n\n<\/div>\n<\/div>\n<\/div>\n<div  class=\"contact-formcol\" data-content-shortcode=\"one_page_express_contact_form shortcode=&quot;contact-form-7 id=&amp;amp;quot;48&amp;amp;quot; title=&amp;amp;quot;Contact 1&amp;amp;quot;&quot;\" data-editable=\"true\">\n<div class=\"wpcf7 no-js\" id=\"wpcf7-f48-o1\" lang=\"fr-FR\" dir=\"ltr\" data-wpcf7-id=\"48\">\n<div class=\"screen-reader-response\"><p role=\"status\" aria-live=\"polite\" aria-atomic=\"true\"><\/p> <ul><\/ul><\/div>\n<form action=\"\/index.php\/wp-json\/wp\/v2\/pages\/126#wpcf7-f48-o1\" method=\"post\" class=\"wpcf7-form init\" aria-label=\"Formulaire de contact\" novalidate=\"novalidate\" data-status=\"init\">\n<fieldset class=\"hidden-fields-container\"><input type=\"hidden\" name=\"_wpcf7\" value=\"48\" \/><input type=\"hidden\" name=\"_wpcf7_version\" value=\"6.1.5\" \/><input type=\"hidden\" name=\"_wpcf7_locale\" value=\"fr_FR\" \/><input type=\"hidden\" name=\"_wpcf7_unit_tag\" value=\"wpcf7-f48-o1\" \/><input type=\"hidden\" name=\"_wpcf7_container_post\" value=\"0\" \/><input type=\"hidden\" name=\"_wpcf7_posted_data_hash\" value=\"\" \/><input type=\"hidden\" name=\"_wpcf7_recaptcha_response\" value=\"\" \/>\n<\/fieldset>\n<p><label> Votre nom<br \/>\n<span class=\"wpcf7-form-control-wrap\" data-name=\"your-name\"><input size=\"40\" maxlength=\"400\" class=\"wpcf7-form-control wpcf7-text wpcf7-validates-as-required\" aria-required=\"true\" aria-invalid=\"false\" value=\"\" type=\"text\" name=\"your-name\" \/><\/span> <\/label>\n<\/p>\n<p><label> Votre e-mail<br \/>\n<span class=\"wpcf7-form-control-wrap\" data-name=\"your-email\"><input size=\"40\" maxlength=\"400\" class=\"wpcf7-form-control wpcf7-email wpcf7-validates-as-required wpcf7-text wpcf7-validates-as-email\" aria-required=\"true\" aria-invalid=\"false\" value=\"\" type=\"email\" name=\"your-email\" \/><\/span> <\/label>\n<\/p>\n<p><label> Objet<br \/>\n<span class=\"wpcf7-form-control-wrap\" data-name=\"your-subject\"><input size=\"40\" maxlength=\"400\" class=\"wpcf7-form-control wpcf7-text wpcf7-validates-as-required\" aria-required=\"true\" aria-invalid=\"false\" value=\"\" type=\"text\" name=\"your-subject\" \/><\/span> <\/label>\n<\/p>\n<p><label> Votre message<br \/>\n<span class=\"wpcf7-form-control-wrap\" data-name=\"your-message\"><textarea cols=\"40\" rows=\"10\" maxlength=\"2000\" class=\"wpcf7-form-control wpcf7-textarea wpcf7-validates-as-required\" aria-required=\"true\" aria-invalid=\"false\" name=\"your-message\"><\/textarea><\/span> <\/label>\n<\/p>\n<p><input class=\"wpcf7-form-control wpcf7-submit has-spinner\" type=\"submit\" value=\"Envoyer\" \/>\n<\/p><p style=\"display: none !important;\" class=\"akismet-fields-container\" data-prefix=\"_wpcf7_ak_\"><label>&#916;<textarea name=\"_wpcf7_ak_hp_textarea\" cols=\"45\" rows=\"8\" maxlength=\"100\"><\/textarea><\/label><input type=\"hidden\" id=\"ak_js_1\" name=\"_wpcf7_ak_js\" value=\"156\"\/><script type=\"text\/javascript\">\n\/* <![CDATA[ *\/\ndocument.getElementById( \"ak_js_1\" ).setAttribute( \"value\", ( new Date() ).getTime() );\n\/* ]]> *\/\n<\/script>\n<\/p><div class=\"wpcf7-response-output\" aria-hidden=\"true\"><\/div>\n<\/form>\n<\/div>\n<\/div>\n<\/div>\n<\/div><div  id=\"clients-2\" class=\"clients-strip-section\" style=\"background-color: #f6f6f6;\" data-label=\"Clients\" data-id=\"clients-strip-section\" data-category=\"clients\">\n<div  class=\"row_187\" data-type=\"row\" data-add-content=\"false\">\n<div  class=\"clients-strip-itemcol cp2cols\">\n<div  class=\"middle_align1\"><a class=\"\" href=\"https:\/\/www.justebon.fr\" target=\"_blank\" rel=\"noopener\"><img decoding=\"async\"  class=\"clients-strip-itemimg\"  title=\"\"  src=\"https:\/\/www.howede.fr\/wp-content\/uploads\/2022\/04\/JB_Logo_Carre.png\"  alt=\"JB_Logo_Carre Front Page\" ><\/a><\/div>\n<\/div>\n<div  class=\"clients-strip-itemcol cp2cols\">\n<div  class=\"middle_align1\"><a class=\"\" href=\"https:\/\/www.thebigbeatband.fr\" target=\"_blank\" rel=\"noopener\"><img decoding=\"async\"  class=\"clients-strip-itemimg\"  title=\"\"  src=\"https:\/\/www.howede.fr\/wp-content\/uploads\/2022\/05\/logo_bbb.jpg\"  alt=\"logo_bbb Front Page\" ><\/a><\/div>\n<\/div>\n<div  class=\"clients-strip-itemcol cp2cols\">\n<div  class=\"middle_align1\"><a class=\"\" href=\"https:\/\/www.barlinsolite.fr\" target=\"_blank\" rel=\"noopener\"><img decoding=\"async\"  class=\"clients-strip-itemimg\"  title=\"\"  src=\"https:\/\/www.howede.fr\/wp-content\/uploads\/2022\/05\/inso_icone.jpg\"  alt=\"inso_icone Front Page\" ><\/a><\/div>\n<\/div>\n<div  class=\"clients-strip-itemcol cp2cols\">\n<div  class=\"middle_align1\"><a class=\"\" href=\"https:\/\/www.zicetvoix.fr\" target=\"_blank\" rel=\"noopener\"><img decoding=\"async\"  class=\"clients-strip-itemimg\"  title=\"\"  src=\"https:\/\/www.howede.fr\/wp-content\/uploads\/2022\/05\/logo_tempo.png\"  alt=\"logo_tempo Front Page\" ><\/a><\/div>\n<\/div>\n<div  class=\"clients-strip-itemcol cp2cols\">\n<div  class=\"middle_align1\"><a class=\"\" href=\"https:\/\/www.alex-multi-collections.fr\" target=\"_blank\" rel=\"noopener\"><img decoding=\"async\"  class=\"clients-strip-itemimg\"  title=\"\"  src=\"https:\/\/www.howede.fr\/wp-content\/uploads\/2022\/05\/AMC_newlogo.png\"  alt=\"AMC_newlogo Front Page\" ><\/a><\/div>\n<\/div>\n<div  class=\"clients-strip-itemcol cp2cols\">\n<div  class=\"middle_align1\"><a class=\"\" href=\"https:\/\/www.chatsducoeurenclunisois.fr\" target=\"_blank\" rel=\"noopener\"><img decoding=\"async\"  class=\"clients-strip-itemimg\"  title=\"\"  src=\"https:\/\/www.howede.fr\/wp-content\/uploads\/2022\/05\/CdC-Logo-XS-fond-jaune.jpg\"  alt=\"CdC-Logo-XS-fond-jaune Front Page\" ><\/a><\/div>\n<\/div>\n<\/div>\n<\/div>","protected":false},"excerpt":{"rendered":"<p>Pr\u00e9sentation HoW\u00e9D\u00e9 ? Home Web Design (HoW\u00e9D\u00e9) est une auto-entreprise dont le but principal est de permettre \u00e0 tous d\u2019avoir son propre site web, que cela soit \u00e0 titre personnel ou pour son entreprise. Le tout dans un esprit ouvert et avec simplicit\u00e9. Fort de dizaines d\u2019ann\u00e9es d\u2019exp\u00e9rience, je suis \u00e0 m\u00eame de vous conseiller&hellip; <br \/> <a class=\"button small blue\" href=\"https:\/\/www.howede.fr\/\">Lire la suite<\/a><\/p>\n","protected":false},"author":1,"featured_media":0,"parent":0,"menu_order":0,"comment_status":"closed","ping_status":"closed","template":"","meta":{"advanced_seo_description":"","jetpack_seo_html_title":"","jetpack_seo_noindex":false,"footnotes":""},"class_list":["post-126","page","type-page","status-publish","hentry"],"jetpack_sharing_enabled":true,"jetpack_likes_enabled":true,"_links":{"self":[{"href":"https:\/\/www.howede.fr\/index.php\/wp-json\/wp\/v2\/pages\/126","targetHints":{"allow":["GET"]}}],"collection":[{"href":"https:\/\/www.howede.fr\/index.php\/wp-json\/wp\/v2\/pages"}],"about":[{"href":"https:\/\/www.howede.fr\/index.php\/wp-json\/wp\/v2\/types\/page"}],"author":[{"embeddable":true,"href":"https:\/\/www.howede.fr\/index.php\/wp-json\/wp\/v2\/users\/1"}],"replies":[{"embeddable":true,"href":"https:\/\/www.howede.fr\/index.php\/wp-json\/wp\/v2\/comments?post=126"}],"version-history":[{"count":54,"href":"https:\/\/www.howede.fr\/index.php\/wp-json\/wp\/v2\/pages\/126\/revisions"}],"predecessor-version":[{"id":455,"href":"https:\/\/www.howede.fr\/index.php\/wp-json\/wp\/v2\/pages\/126\/revisions\/455"}],"wp:attachment":[{"href":"https:\/\/www.howede.fr\/index.php\/wp-json\/wp\/v2\/media?parent=126"}],"curies":[{"name":"wp","href":"https:\/\/api.w.org\/{rel}","templated":true}]}}